{"id":405,"date":"2024-09-06T13:38:09","date_gmt":"2024-09-06T18:38:09","guid":{"rendered":"https:\/\/rillydelievano.com\/?page_id=405"},"modified":"2024-10-10T14:11:06","modified_gmt":"2024-10-10T19:11:06","slug":"acerca-de","status":"publish","type":"page","link":"https:\/\/rillydelievano.com\/index.php\/acerca-de\/","title":{"rendered":"Acerca de"},"content":{"rendered":"<div class=\"wp-block-columns alignfull is-layout-flex wp-container-core-columns-is-layout-2 wp-block-columns-is-layout-flex\"><div class=\"wp-block-column is-vertically-aligned-center is-layout-flow wp-block-column-is-layout-flow\" style=\"padding-top:1em;padding-right:1em;padding-bottom:1em;padding-left:1em\"><div class=\"wp-block-columns is-layout-flex wp-container-core-columns-is-layout-1 wp-block-columns-is-layout-flex\"><div class=\"wp-block-column is-layout-flow wp-block-column-is-layout-flow\" style=\"flex-basis:320px\"><p class=\"has-text-align-center has-small-font-size\" style=\"line-height:1.6\"><strong>Quienes somos<\/strong><\/p>\n\n<p class=\"has-text-align-center has-small-font-size\" style=\"line-height:1.6\">Rilly de Li\u00e9vano es una marca registrada cuyo producto procede principalmente de la finca Santa Rosa fincada en 1968 en la zona el Triunfo Chiapas, siendo una empresa productora y comercializadora de caf\u00e9 que tiene su sede en la ciudad de Tuxtla Guti\u00e9rrez Chiapas, M\u00e9xico, con experiencia de ser tostadores desde el 2004 y dedicados al caf\u00e9 de especialidad desde el 2013, donde cuidamos toda la cadena de procesos desde la producci\u00f3n hasta llegar al consumidor final. Manejamos un concepto que denominamos JUSTO A TIEMPO, el cual consiste en producir el caf\u00e9 conforme a pedidos, evitando el stock de producto terminado, con ello garantizamos frescura y calidad. Tenemos una amplia experiencia en caf\u00e9, ya que contamos con las plantaciones, con el beneficiado h\u00famedo, beneficiado seco, planta de tostado, distribuci\u00f3n y comercializaci\u00f3n, todo ello nos beneficia a tener un producto terminado de excelente calidad. Actualmente se trabaja bajo un esquema de caf\u00e9 sustentable, el cual consiste en producir caf\u00e9 de manera que se conserven los recursos naturales y la biodiversidad, y comercialmente justa, son estrategias que deben de integrarse dentro de un enfoque con tres ideas principales: que exista calidad ambiental, calidad de vida y calidad del producto. Comprometidos con la innovaci\u00f3n Rilly de Li\u00e9vano actualmente cuenta con varios productos, todos ellos elaborados artesanalmente y con ingredientes naturales subproductos del caf\u00e9. Para darle un valor agregado a nuestros productos y a nuestra comercializaci\u00f3n, buscando siempre ser l\u00edderes en el mercado.<\/p><\/div><\/div><\/div>\n\n<div class=\"wp-block-column is-layout-flow wp-block-column-is-layout-flow\" style=\"flex-basis:50%\"><div class=\"wp-block-cover\" style=\"min-height:836px;aspect-ratio:unset;\"><span aria-hidden=\"true\" class=\"wp-block-cover__background has-background-dim\" style=\"background-color:#8b716e\"><\/span><img loading=\"lazy\" decoding=\"async\" width=\"2560\" height=\"1440\" class=\"wp-block-cover__image-background wp-image-406\" alt=\"\" src=\"https:\/\/rillydelievano.com\/wp-content\/uploads\/2024\/09\/Cafe-scaled.jpg\" data-object-fit=\"cover\" srcset=\"https:\/\/rillydelievano.com\/wp-content\/uploads\/2024\/09\/Cafe-scaled.jpg 2560w, https:\/\/rillydelievano.com\/wp-content\/uploads\/2024\/09\/Cafe-300x169.jpg 300w, https:\/\/rillydelievano.com\/wp-content\/uploads\/2024\/09\/Cafe-1024x576.jpg 1024w, https:\/\/rillydelievano.com\/wp-content\/uploads\/2024\/09\/Cafe-768x432.jpg 768w, https:\/\/rillydelievano.com\/wp-content\/uploads\/2024\/09\/Cafe-1536x864.jpg 1536w, https:\/\/rillydelievano.com\/wp-content\/uploads\/2024\/09\/Cafe-2048x1152.jpg 2048w\" sizes=\"(max-width: 2560px) 100vw, 2560px\" \/><div class=\"wp-block-cover__inner-container is-layout-flow wp-block-cover-is-layout-flow\"><div class=\"wp-block-image\"><figure class=\"aligncenter size-medium\"><img loading=\"lazy\" decoding=\"async\" width=\"300\" height=\"169\" src=\"https:\/\/rillydelievano.com\/wp-content\/uploads\/2024\/09\/Cafe-300x169.jpg\" alt=\"\" class=\"wp-image-406\" srcset=\"https:\/\/rillydelievano.com\/wp-content\/uploads\/2024\/09\/Cafe-300x169.jpg 300w, https:\/\/rillydelievano.com\/wp-content\/uploads\/2024\/09\/Cafe-1024x576.jpg 1024w, https:\/\/rillydelievano.com\/wp-content\/uploads\/2024\/09\/Cafe-768x432.jpg 768w, https:\/\/rillydelievano.com\/wp-content\/uploads\/2024\/09\/Cafe-1536x864.jpg 1536w, https:\/\/rillydelievano.com\/wp-content\/uploads\/2024\/09\/Cafe-2048x1152.jpg 2048w\" sizes=\"(max-width: 300px) 100vw, 300px\" \/><\/figure><\/div><\/div><\/div><\/div><\/div><div class=\"wp-block-columns alignfull is-layout-flex wp-container-core-columns-is-layout-4 wp-block-columns-is-layout-flex\"><div class=\"wp-block-column is-layout-flow wp-block-column-is-layout-flow\" style=\"flex-basis:50%\"><div class=\"wp-block-cover aligncenter\" style=\"min-height:600px;aspect-ratio:unset;\"><span aria-hidden=\"true\" class=\"wp-block-cover__background has-background-dim\" style=\"background-color:#727f59\"><\/span><img loading=\"lazy\" decoding=\"async\" width=\"1600\" height=\"1200\" class=\"wp-block-cover__image-background wp-image-395\" alt=\"\" src=\"https:\/\/rillydelievano.com\/wp-content\/uploads\/2024\/09\/428709822_826840659459269_6176844812791804741_n.jpg\" data-object-fit=\"cover\" srcset=\"https:\/\/rillydelievano.com\/wp-content\/uploads\/2024\/09\/428709822_826840659459269_6176844812791804741_n.jpg 1600w, https:\/\/rillydelievano.com\/wp-content\/uploads\/2024\/09\/428709822_826840659459269_6176844812791804741_n-300x225.jpg 300w, https:\/\/rillydelievano.com\/wp-content\/uploads\/2024\/09\/428709822_826840659459269_6176844812791804741_n-1024x768.jpg 1024w, https:\/\/rillydelievano.com\/wp-content\/uploads\/2024\/09\/428709822_826840659459269_6176844812791804741_n-768x576.jpg 768w, https:\/\/rillydelievano.com\/wp-content\/uploads\/2024\/09\/428709822_826840659459269_6176844812791804741_n-1536x1152.jpg 1536w\" sizes=\"(max-width: 1600px) 100vw, 1600px\" \/><div class=\"wp-block-cover__inner-container is-layout-flow wp-block-cover-is-layout-flow\"><div class=\"wp-block-image\"><figure class=\"aligncenter size-medium\"><img loading=\"lazy\" decoding=\"async\" width=\"300\" height=\"225\" src=\"https:\/\/rillydelievano.com\/wp-content\/uploads\/2024\/09\/428709822_826840659459269_6176844812791804741_n-300x225.jpg\" alt=\"\" class=\"wp-image-395\" srcset=\"https:\/\/rillydelievano.com\/wp-content\/uploads\/2024\/09\/428709822_826840659459269_6176844812791804741_n-300x225.jpg 300w, https:\/\/rillydelievano.com\/wp-content\/uploads\/2024\/09\/428709822_826840659459269_6176844812791804741_n-1024x768.jpg 1024w, https:\/\/rillydelievano.com\/wp-content\/uploads\/2024\/09\/428709822_826840659459269_6176844812791804741_n-768x576.jpg 768w, https:\/\/rillydelievano.com\/wp-content\/uploads\/2024\/09\/428709822_826840659459269_6176844812791804741_n-1536x1152.jpg 1536w, https:\/\/rillydelievano.com\/wp-content\/uploads\/2024\/09\/428709822_826840659459269_6176844812791804741_n.jpg 1600w\" sizes=\"(max-width: 300px) 100vw, 300px\" \/><\/figure><\/div><\/div><\/div><\/div>\n\n<div class=\"wp-block-column is-vertically-aligned-center is-layout-flow wp-block-column-is-layout-flow\" style=\"padding-top:1em;padding-right:1em;padding-bottom:1em;padding-left:1em\"><div class=\"wp-block-columns is-layout-flex wp-container-core-columns-is-layout-3 wp-block-columns-is-layout-flex\"><div class=\"wp-block-column is-layout-flow wp-block-column-is-layout-flow\" style=\"flex-basis:320px\"><p class=\"has-text-align-center has-small-font-size\" style=\"line-height:1.6\"><strong>Nuestro trabajo<\/strong><\/p>\n\n<p class=\"has-text-align-center has-small-font-size\" style=\"line-height:1.6\">Somos una empresa productora y comercializadora de caf\u00e9 de alta calidad y especialidad como Tradicional, Exportaci\u00f3n, Gourmet, Honey, Natural, Lavado y otros procesos especiales sobre pedido y de subproductos como la l\u00ednea de t\u00e9s (de frutas, de hojas, verde de caf\u00e9 y de flor); &nbsp;l\u00ednea de bebida y miel (licor 68 y miel de flores de caf\u00e9). Adem\u00e1s de estar comprometidos con la calidad de nuestros productos buscamos constantemente la mejora de ellos y de la innovaci\u00f3n y creaci\u00f3n de nuevos, para estar siempre a la vanguardia en el mercado. <\/p>\n\n<p class=\"has-text-align-center has-small-font-size\" style=\"line-height:1.6\">Buscamos distribuidores en toda la rep\u00fablica para comercializar nuestros productos de calidad y \u00fanicos en el mercado.<\/p><\/div><\/div><\/div><\/div><div class=\"wp-block-columns alignfull is-layout-flex wp-container-core-columns-is-layout-6 wp-block-columns-is-layout-flex\"><div class=\"wp-block-column is-vertically-aligned-center is-layout-flow wp-block-column-is-layout-flow\" style=\"padding-top:1em;padding-right:1em;padding-bottom:1em;padding-left:1em\"><div class=\"wp-block-columns is-layout-flex wp-container-core-columns-is-layout-5 wp-block-columns-is-layout-flex\"><div class=\"wp-block-column is-layout-flow wp-block-column-is-layout-flow\" style=\"flex-basis:320px\"><p class=\"has-text-align-center has-small-font-size\" style=\"line-height:1.6\"><strong>El caf\u00e9<\/strong><\/p>\n\n<p class=\"has-text-align-center has-small-font-size\" style=\"line-height:1.6\">Tiene su origen en Etiop\u00eda y la pen\u00ednsula ar\u00e1biga, es una de las bebidas favoritas del mundo occidental y su consumo es generalizado en Europa y Am\u00e9rica.<br><br>Una leyenda muy comentada y difundida sobre el origen del caf\u00e9 es la de un pastor de Abisinia (actual Etiop\u00eda), llamado Kaldi, observ\u00f3 el efecto tonificante de unos peque\u00f1os frutos rojos de arbusto en las cabras que lo hab\u00edan consumido en los montes, efecto comprobado por \u00e9l mismo al renovarse sus energ\u00edas.<\/p>\n\n<p class=\"has-text-align-center has-small-font-size\" style=\"line-height:1.6\">Kaldi llev\u00f3 unas muestras de hojas y de frutos a un monasterio, donde los monjes por curiosidad las pusieron a cocinar. Al probar la bebida la encontraron de tan mal sabor, que arrojaron a la hoguera lo que quedaba en el recipiente. Los granos a medida que se quemaban, desped\u00edan un agradable aroma. Fue as\u00ed como a uno de los monjes se le ocurri\u00f3 la idea de preparar la bebida a base de granos tostados.<\/p><\/div><\/div><\/div>\n\n<div class=\"wp-block-column is-layout-flow wp-block-column-is-layout-flow\" style=\"flex-basis:50%\"><div class=\"wp-block-cover is-light\" style=\"min-height:600px;aspect-ratio:unset;\"><span aria-hidden=\"true\" class=\"wp-block-cover__background has-background-dim\" style=\"background-color:#80807c\"><\/span><img loading=\"lazy\" decoding=\"async\" width=\"1600\" height=\"900\" class=\"wp-block-cover__image-background wp-image-408\" alt=\"\" src=\"https:\/\/rillydelievano.com\/wp-content\/uploads\/2024\/09\/441539620_882565443886790_8565821108999826909_n.jpg\" data-object-fit=\"cover\" srcset=\"https:\/\/rillydelievano.com\/wp-content\/uploads\/2024\/09\/441539620_882565443886790_8565821108999826909_n.jpg 1600w, https:\/\/rillydelievano.com\/wp-content\/uploads\/2024\/09\/441539620_882565443886790_8565821108999826909_n-300x169.jpg 300w, https:\/\/rillydelievano.com\/wp-content\/uploads\/2024\/09\/441539620_882565443886790_8565821108999826909_n-1024x576.jpg 1024w, https:\/\/rillydelievano.com\/wp-content\/uploads\/2024\/09\/441539620_882565443886790_8565821108999826909_n-768x432.jpg 768w, https:\/\/rillydelievano.com\/wp-content\/uploads\/2024\/09\/441539620_882565443886790_8565821108999826909_n-1536x864.jpg 1536w\" sizes=\"(max-width: 1600px) 100vw, 1600px\" \/><div class=\"wp-block-cover__inner-container is-layout-flow wp-block-cover-is-layout-flow\"><div class=\"wp-block-image\"><figure class=\"aligncenter size-medium\"><img loading=\"lazy\" decoding=\"async\" width=\"300\" height=\"169\" src=\"https:\/\/rillydelievano.com\/wp-content\/uploads\/2024\/09\/441539620_882565443886790_8565821108999826909_n-300x169.jpg\" alt=\"\" class=\"wp-image-408\" srcset=\"https:\/\/rillydelievano.com\/wp-content\/uploads\/2024\/09\/441539620_882565443886790_8565821108999826909_n-300x169.jpg 300w, https:\/\/rillydelievano.com\/wp-content\/uploads\/2024\/09\/441539620_882565443886790_8565821108999826909_n-1024x576.jpg 1024w, https:\/\/rillydelievano.com\/wp-content\/uploads\/2024\/09\/441539620_882565443886790_8565821108999826909_n-768x432.jpg 768w, https:\/\/rillydelievano.com\/wp-content\/uploads\/2024\/09\/441539620_882565443886790_8565821108999826909_n-1536x864.jpg 1536w, https:\/\/rillydelievano.com\/wp-content\/uploads\/2024\/09\/441539620_882565443886790_8565821108999826909_n.jpg 1600w\" sizes=\"(max-width: 300px) 100vw, 300px\" \/><\/figure><\/div><\/div><\/div><\/div><\/div><div class=\"wp-block-columns alignfull is-layout-flex wp-container-core-columns-is-layout-8 wp-block-columns-is-layout-flex\"><div class=\"wp-block-column is-layout-flow wp-block-column-is-layout-flow\" style=\"flex-basis:50%\"><div class=\"wp-block-cover\" style=\"min-height:600px;aspect-ratio:unset;\"><span aria-hidden=\"true\" class=\"wp-block-cover__background has-background-dim\" style=\"background-color:#5f694c\"><\/span><img loading=\"lazy\" decoding=\"async\" width=\"1365\" height=\"1723\" class=\"wp-block-cover__image-background wp-image-407\" alt=\"\" src=\"https:\/\/rillydelievano.com\/wp-content\/uploads\/2024\/09\/440317323_867981112011890_2104782181162735331_n.jpg\" data-object-fit=\"cover\" srcset=\"https:\/\/rillydelievano.com\/wp-content\/uploads\/2024\/09\/440317323_867981112011890_2104782181162735331_n.jpg 1365w, https:\/\/rillydelievano.com\/wp-content\/uploads\/2024\/09\/440317323_867981112011890_2104782181162735331_n-238x300.jpg 238w, https:\/\/rillydelievano.com\/wp-content\/uploads\/2024\/09\/440317323_867981112011890_2104782181162735331_n-811x1024.jpg 811w, https:\/\/rillydelievano.com\/wp-content\/uploads\/2024\/09\/440317323_867981112011890_2104782181162735331_n-768x969.jpg 768w, https:\/\/rillydelievano.com\/wp-content\/uploads\/2024\/09\/440317323_867981112011890_2104782181162735331_n-1217x1536.jpg 1217w\" sizes=\"(max-width: 1365px) 100vw, 1365px\" \/><div class=\"wp-block-cover__inner-container is-layout-flow wp-block-cover-is-layout-flow\"><div class=\"wp-block-image\"><figure class=\"aligncenter size-medium\"><img loading=\"lazy\" decoding=\"async\" width=\"238\" height=\"300\" src=\"https:\/\/rillydelievano.com\/wp-content\/uploads\/2024\/09\/440317323_867981112011890_2104782181162735331_n-238x300.jpg\" alt=\"\" class=\"wp-image-407\" srcset=\"https:\/\/rillydelievano.com\/wp-content\/uploads\/2024\/09\/440317323_867981112011890_2104782181162735331_n-238x300.jpg 238w, https:\/\/rillydelievano.com\/wp-content\/uploads\/2024\/09\/440317323_867981112011890_2104782181162735331_n-811x1024.jpg 811w, https:\/\/rillydelievano.com\/wp-content\/uploads\/2024\/09\/440317323_867981112011890_2104782181162735331_n-768x969.jpg 768w, https:\/\/rillydelievano.com\/wp-content\/uploads\/2024\/09\/440317323_867981112011890_2104782181162735331_n-1217x1536.jpg 1217w, https:\/\/rillydelievano.com\/wp-content\/uploads\/2024\/09\/440317323_867981112011890_2104782181162735331_n.jpg 1365w\" sizes=\"(max-width: 238px) 100vw, 238px\" \/><\/figure><\/div><\/div><\/div><\/div>\n\n<div class=\"wp-block-column is-vertically-aligned-center is-layout-flow wp-block-column-is-layout-flow\" style=\"padding-top:1em;padding-right:1em;padding-bottom:1em;padding-left:1em\"><div class=\"wp-block-columns is-layout-flex wp-container-core-columns-is-layout-7 wp-block-columns-is-layout-flex\"><div class=\"wp-block-column is-layout-flow wp-block-column-is-layout-flow\" style=\"flex-basis:320px\"><p class=\"has-small-font-size\" style=\"line-height:1.6\"><strong>Diez razones por las que el caf\u00e9 tiene beneficios en la salud<\/strong><\/p>\n\n<p class=\"has-small-font-size\" style=\"line-height:1.6\">Nos mantiene alerta<br><br>Nos ayuda a quemar grasas<br><br>Mejora nuestro rendimiento f\u00edsico<br><br>Contiene nutrientes esenciales<br><br>Disminuye el riesgo de padecer diabetes<br><br>Disminuye la posibilidad de sufrir enfermedades neurodegenerativas<br><br>Protege el h\u00edgado de padecer cirrosis<br><br>Combate la depresi\u00f3n<br><br>Reduce el riesgo de padecer ciertos tipos de c\u00e1ncer<br><br>Puede reducir el riesgo de sufrir un infarto<\/p><\/div><\/div><\/div><\/div><div class=\"wp-block-columns alignwide is-layout-flex wp-container-core-columns-is-layout-9 wp-block-columns-is-layout-flex\"><div class=\"wp-block-column is-layout-flow wp-block-column-is-layout-flow\"><div class=\"wp-block-image\"><figure class=\"aligncenter size-large\"><img loading=\"lazy\" decoding=\"async\" width=\"1024\" height=\"682\" src=\"https:\/\/rillydelievano.com\/wp-content\/uploads\/2024\/09\/ricardo-min-1024x682.jpg\" alt=\"\" class=\"wp-image-409\" srcset=\"https:\/\/rillydelievano.com\/wp-content\/uploads\/2024\/09\/ricardo-min-1024x682.jpg 1024w, https:\/\/rillydelievano.com\/wp-content\/uploads\/2024\/09\/ricardo-min-300x200.jpg 300w, https:\/\/rillydelievano.com\/wp-content\/uploads\/2024\/09\/ricardo-min-768x512.jpg 768w, https:\/\/rillydelievano.com\/wp-content\/uploads\/2024\/09\/ricardo-min.jpg 1280w\" sizes=\"(max-width: 1024px) 100vw, 1024px\" \/><figcaption class=\"wp-element-caption\">Ing. Ricardo Lievano Aguilar CEO &amp; Fundador<br>Tostador de caf\u00e9 desde 2005 y desde el 2013 produciendo y comercializando caf\u00e9 de especialidad, amante del buen caf\u00e9 y de sus perfiles, amplia experiencia en toda la cadena de producci\u00f3n desde las plantaciones hasta la taza, comprometido siempre con la calidad e innovaci\u00f3n.<\/figcaption><\/figure><\/div><\/div>\n\n<div class=\"wp-block-column is-layout-flow wp-block-column-is-layout-flow\"><div class=\"wp-block-image\"><figure class=\"aligncenter size-full is-resized\"><img loading=\"lazy\" decoding=\"async\" width=\"1669\" height=\"2560\" src=\"https:\/\/rillydelievano.com\/wp-content\/uploads\/2024\/09\/IMG_1313-2-1-scaled.jpeg\" alt=\"\" class=\"wp-image-470\" style=\"width:215px;height:auto\" srcset=\"https:\/\/rillydelievano.com\/wp-content\/uploads\/2024\/09\/IMG_1313-2-1-scaled.jpeg 1669w, https:\/\/rillydelievano.com\/wp-content\/uploads\/2024\/09\/IMG_1313-2-1-196x300.jpeg 196w, https:\/\/rillydelievano.com\/wp-content\/uploads\/2024\/09\/IMG_1313-2-1-668x1024.jpeg 668w, https:\/\/rillydelievano.com\/wp-content\/uploads\/2024\/09\/IMG_1313-2-1-768x1178.jpeg 768w, https:\/\/rillydelievano.com\/wp-content\/uploads\/2024\/09\/IMG_1313-2-1-1001x1536.jpeg 1001w, https:\/\/rillydelievano.com\/wp-content\/uploads\/2024\/09\/IMG_1313-2-1-1335x2048.jpeg 1335w\" sizes=\"(max-width: 1669px) 100vw, 1669px\" \/><figcaption class=\"wp-element-caption\">Lic. Gerardo Zu\u00f1iga<br>Marketing y ventas<br>Experto asesor de ventas, comprometido y excelente calidad humana.<\/figcaption><\/figure><\/div><\/div><\/div><div class=\"wp-block-columns alignwide is-layout-flex wp-container-core-columns-is-layout-10 wp-block-columns-is-layout-flex\"><div class=\"wp-block-column is-layout-flow wp-block-column-is-layout-flow\"><div class=\"wp-block-image\"><figure class=\"aligncenter size-large\"><img loading=\"lazy\" decoding=\"async\" width=\"1024\" height=\"683\" src=\"https:\/\/rillydelievano.com\/wp-content\/uploads\/2024\/09\/Joel-1024x683.jpg\" alt=\"\" class=\"wp-image-412\" srcset=\"https:\/\/rillydelievano.com\/wp-content\/uploads\/2024\/09\/Joel-1024x683.jpg 1024w, https:\/\/rillydelievano.com\/wp-content\/uploads\/2024\/09\/Joel-300x200.jpg 300w, https:\/\/rillydelievano.com\/wp-content\/uploads\/2024\/09\/Joel-768x512.jpg 768w, https:\/\/rillydelievano.com\/wp-content\/uploads\/2024\/09\/Joel-1536x1024.jpg 1536w, https:\/\/rillydelievano.com\/wp-content\/uploads\/2024\/09\/Joel-2048x1365.jpg 2048w\" sizes=\"(max-width: 1024px) 100vw, 1024px\" \/><figcaption class=\"wp-element-caption\">C. Joel Hernandez<br>Encargado de planta de torrefacci\u00f3n<br>Joven experto tostador y calibrador de caf\u00e9 de especialidad. Dedicado y apasionado en su labor.<\/figcaption><\/figure><\/div><\/div>\n\n<div class=\"wp-block-column is-vertically-aligned-top is-layout-flow wp-block-column-is-layout-flow\"><div class=\"wp-block-image\"><figure class=\"aligncenter size-large is-resized\"><img loading=\"lazy\" decoding=\"async\" width=\"581\" height=\"1024\" src=\"https:\/\/rillydelievano.com\/wp-content\/uploads\/2024\/09\/IMG_1317-2-581x1024.jpeg\" alt=\"\" class=\"wp-image-471\" style=\"width:200px;height:auto\" srcset=\"https:\/\/rillydelievano.com\/wp-content\/uploads\/2024\/09\/IMG_1317-2-581x1024.jpeg 581w, https:\/\/rillydelievano.com\/wp-content\/uploads\/2024\/09\/IMG_1317-2-170x300.jpeg 170w, https:\/\/rillydelievano.com\/wp-content\/uploads\/2024\/09\/IMG_1317-2-768x1354.jpeg 768w, https:\/\/rillydelievano.com\/wp-content\/uploads\/2024\/09\/IMG_1317-2-871x1536.jpeg 871w, https:\/\/rillydelievano.com\/wp-content\/uploads\/2024\/09\/IMG_1317-2-1162x2048.jpeg 1162w, https:\/\/rillydelievano.com\/wp-content\/uploads\/2024\/09\/IMG_1317-2-scaled.jpeg 1452w\" sizes=\"(max-width: 581px) 100vw, 581px\" \/><figcaption class=\"wp-element-caption\">Lic. Itzy Sanch\u00e9z<br>Marketing y ventas<br>Experto asesor de ventas, comprometido y excelente calidad humana.<\/figcaption><\/figure><\/div><\/div><\/div><div class=\"wp-block-group alignfull has-background-color has-white-color has-black-background-color has-text-color has-background has-link-color wp-elements-8b178bf775fb5666fca6c8ff73f3ff5b\" style=\"min-height:40vh;margin-top:0;margin-bottom:0;padding-top:var(--wp--preset--spacing--60);padding-right:var(--wp--preset--spacing--40);padding-bottom:var(--wp--preset--spacing--60);padding-left:var(--wp--preset--spacing--40)\"><div class=\"wp-block-group__inner-container is-layout-constrained wp-container-core-group-is-layout-2 wp-block-group-is-layout-constrained\"><div class=\"wp-block-columns alignwide has-small-font-size is-layout-flex wp-container-core-columns-is-layout-11 wp-block-columns-is-layout-flex\"><div class=\"wp-block-column is-layout-flow wp-block-column-is-layout-flow\"><p class=\"has-text-align-center\">Ubicaci\u00f3n<\/p>\n\n<p class=\"has-text-align-center\"><a href=\"https:\/\/www.google.com\/maps\/place\/Rilly+de+Lievano\/@16.7740337,-93.1047539,15z\/data=!4m6!3m5!1s0x85ecd937a4d4f379:0xb82b73e5bc971525!8m2!3d16.7740337!4d-93.1047539!16s%2Fg%2F11gmx93ywb?entry=ttu&amp;g_ep=EgoyMDI0MDgyNi4wIKXMDSoASAFQAw%3D%3D\">Andador los cocos #814, Col. Albania Baja, Tuxtla Guti\u00e9rrez, M\u00e9xico.<\/a><\/p>\n\n<div style=\"height:24px\" aria-hidden=\"true\" class=\"wp-block-spacer\"><\/div><\/div>\n\n<div class=\"wp-block-column is-layout-flow wp-block-column-is-layout-flow\"><p class=\"has-text-align-center\">Contacto<\/p>\n\n<p class=\"has-text-align-center\">ventasrilly@gmail.com<br><a href=\"http:\/\/squarespace.com\/\" target=\"_blank\" rel=\"noreferrer noopener\">(961) 243-5774<\/a><\/p>\n\n<div style=\"height:24px\" aria-hidden=\"true\" class=\"wp-block-spacer\"><\/div><\/div>\n\n<div class=\"wp-block-column is-layout-flow wp-block-column-is-layout-flow\"><p class=\"has-text-align-center\">S\u00edguenos<\/p>\n\n<div class=\"wp-block-group is-vertical is-content-justification-center is-layout-flex wp-container-core-group-is-layout-1 wp-block-group-is-layout-flex\"><p><a href=\"https:\/\/www.facebook.com\/RillydeLievano\">Facebook<\/a><\/p>\n\n<p><a href=\"https:\/\/www.instagram.com\/rillydelievano\/\">Instagram<\/a><\/p>\n\n<p><a href=\"https:\/\/www.tiktok.com\/@rillydelievano\">TikTok<\/a><\/p><\/div>\n\n<div style=\"height:24px\" aria-hidden=\"true\" class=\"wp-block-spacer\"><\/div><\/div><\/div>\n\n<p class=\"has-text-align-center has-small-font-size\"><\/p>\n\n<p><\/p><\/div><\/div>","protected":false},"excerpt":{"rendered":"<p>Quienes somos Rilly de Li\u00e9vano es una marca registrada cuyo producto procede principalmente de la finca Santa Rosa fincada en 1968 en la zona el Triunfo Chiapas, siendo una empresa productora y comercializadora de caf\u00e9 que tiene su sede en la ciudad de Tuxtla Guti\u00e9rrez Chiapas, M\u00e9xico, con experiencia de ser tostadores desde el 2004 [&hellip;]<\/p>\n","protected":false},"author":1,"featured_media":0,"parent":0,"menu_order":0,"comment_status":"closed","ping_status":"closed","template":"","meta":{"footnotes":""},"class_list":["post-405","page","type-page","status-publish","hentry"],"jetpack_sharing_enabled":true,"_links":{"self":[{"href":"https:\/\/rillydelievano.com\/index.php\/wp-json\/wp\/v2\/pages\/405"}],"collection":[{"href":"https:\/\/rillydelievano.com\/index.php\/wp-json\/wp\/v2\/pages"}],"about":[{"href":"https:\/\/rillydelievano.com\/index.php\/wp-json\/wp\/v2\/types\/page"}],"author":[{"embeddable":true,"href":"https:\/\/rillydelievano.com\/index.php\/wp-json\/wp\/v2\/users\/1"}],"replies":[{"embeddable":true,"href":"https:\/\/rillydelievano.com\/index.php\/wp-json\/wp\/v2\/comments?post=405"}],"version-history":[{"count":6,"href":"https:\/\/rillydelievano.com\/index.php\/wp-json\/wp\/v2\/pages\/405\/revisions"}],"predecessor-version":[{"id":611,"href":"https:\/\/rillydelievano.com\/index.php\/wp-json\/wp\/v2\/pages\/405\/revisions\/611"}],"wp:attachment":[{"href":"https:\/\/rillydelievano.com\/index.php\/wp-json\/wp\/v2\/media?parent=405"}],"curies":[{"name":"wp","href":"https:\/\/api.w.org\/{rel}","templated":true}]}}