{"id":574,"date":"2024-10-11T14:43:56","date_gmt":"2024-10-11T19:43:56","guid":{"rendered":"https:\/\/rillydelievano.com\/?post_type=product&#038;p=574"},"modified":"2024-10-14T11:54:30","modified_gmt":"2024-10-14T16:54:30","slug":"cafe-gourmet","status":"publish","type":"product","link":"https:\/\/rillydelievano.com\/index.php\/producto\/cafe-gourmet\/","title":{"rendered":"Caf\u00e9 Gourmet"},"content":{"rendered":"<p>Ofrece excelente sabor, tazas bien balanceadas y limpias, acidez media, cuerpo abundante, pos gusto largo y definido, finas notas florales, vainilla y chocolate.<\/p>\n<table>\n<tbody>\n<tr>\n<td><span style=\"font-weight: 400;\">Tipo De Envase<\/span><\/td>\n<td><span style=\"font-weight: 400;\">Bolsa trilaminar, son sellado t\u00e9rmico y etiqueta impresi\u00f3n l\u00e1ser<\/span><\/td>\n<\/tr>\n<tr>\n<td><span style=\"font-weight: 400;\">Presentaciones Comerciales<\/span><\/td>\n<td><span style=\"font-weight: 400;\">250 Gr.\/500 Gr.\/1 Kg.<\/span><\/td>\n<\/tr>\n<tr>\n<td><span style=\"font-weight: 400;\">Zona De Producci\u00f3n<\/span><\/td>\n<td><span style=\"font-weight: 400;\">Reserva ecol\u00f3gica\u00a0 El Triunfo<\/span><\/td>\n<\/tr>\n<tr>\n<td><span style=\"font-weight: 400;\">Finca Productora<\/span><\/td>\n<td><span style=\"font-weight: 400;\">Finca Santa Rosa principalmente y en la zona productora del triunfo Chiapas.<\/span><\/td>\n<\/tr>\n<tr>\n<td><span style=\"font-weight: 400;\">Municipio<\/span><\/td>\n<td><span style=\"font-weight: 400;\">La Concordia Chiapas<\/span><\/td>\n<\/tr>\n<tr>\n<td><span style=\"font-weight: 400;\">Calidad<\/span><\/td>\n<td><span style=\"font-weight: 400;\">Gourmet, Estrictamente Altura.<\/span><\/td>\n<\/tr>\n<tr>\n<td><span style=\"font-weight: 400;\">Variedad<\/span><\/td>\n<td><span style=\"font-weight: 400;\">Ar\u00e1biga(caturra, borbon, t\u00edpica y sarchirmor)<\/span><\/td>\n<\/tr>\n<tr>\n<td><span style=\"font-weight: 400;\">Altitud<\/span><\/td>\n<td><span style=\"font-weight: 400;\">1350-1600 Msnm<\/span><\/td>\n<\/tr>\n<tr>\n<td><span style=\"font-weight: 400;\">Cosecha<\/span><\/td>\n<td><span style=\"font-weight: 400;\">2022-2023<\/span><\/td>\n<\/tr>\n<tr>\n<td><span style=\"font-weight: 400;\">Tostado Con<\/span><\/td>\n<td><span style=\"font-weight: 400;\">Aire Caliente, Lecho Fluidizado<\/span><\/td>\n<\/tr>\n<tr>\n<td><span style=\"font-weight: 400;\">Nivel De Tostado<\/span><\/td>\n<td><span style=\"font-weight: 400;\">Medio<\/span><\/td>\n<\/tr>\n<tr>\n<td><span style=\"font-weight: 400;\">Nivel De Molido<\/span><\/td>\n<td><span style=\"font-weight: 400;\">Medio, ideal para cafeteras y percoladoras.<\/span><\/td>\n<\/tr>\n<tr>\n<td><span style=\"font-weight: 400;\">Puntaje De Cataci\u00f3n Promedio<\/span><\/td>\n<td><span style=\"font-weight: 400;\">83<\/span><\/td>\n<\/tr>\n<tr>\n<td><span style=\"font-weight: 400;\">Seguridad<\/span><\/td>\n<td><span style=\"font-weight: 400;\">Conserve el envase en un lugar fresco y seco.<\/span><\/p>\n<p><span style=\"font-weight: 400;\">Libre de cualquier sustancias inhibidoras, t\u00f3xicas, adulterantes y\/o residuos de drogas o medicamentos para evitar la contaminaci\u00f3n cruzada del producto.<\/span><\/td>\n<\/tr>\n<tr>\n<td><span style=\"font-weight: 400;\">Vida Del Producto Desde Fabricaci\u00f3n<\/span><\/td>\n<td><span style=\"font-weight: 400;\">12 Meses.<\/span><\/td>\n<\/tr>\n<tr>\n<td><span style=\"font-weight: 400;\">Sellos<\/span><\/td>\n<td><span style=\"font-weight: 400;\">Marca Chiapas.<\/span><\/td>\n<\/tr>\n<tr>\n<td><span style=\"font-weight: 400;\">Capacidad de producci\u00f3n<\/span><\/td>\n<td><span style=\"font-weight: 400;\">5000 &#8211; 7000 kilos mensuales<\/span><\/td>\n<\/tr>\n<tr>\n<td><span style=\"font-weight: 400;\">Adicional<\/span><\/td>\n<td><span style=\"font-weight: 400;\">\u00a0.<\/span><\/td>\n<\/tr>\n<tr>\n<td><span style=\"font-weight: 400;\">Embalaje<\/span><\/td>\n<td><span style=\"font-weight: 400;\">Caja\u00a0 De 40*40*40 ,<\/span><\/td>\n<\/tr>\n<tr>\n<td><span style=\"font-weight: 400;\">Kilos Por Caja De Embalaje<\/span><\/td>\n<td><span style=\"font-weight: 400;\">25 Kilos<\/span><\/td>\n<\/tr>\n<tr>\n<td><span style=\"font-weight: 400;\">Fracci\u00f3n Arancelaria :<\/span><\/td>\n<td><span style=\"font-weight: 400;\">09012101<\/span><\/td>\n<\/tr>\n<\/tbody>\n<\/table>\n","protected":false},"excerpt":{"rendered":"<p>Caf\u00e9 preparaci\u00f3n exportaci\u00f3n europea 100% puro.<\/p>\n","protected":false},"featured_media":560,"comment_status":"open","ping_status":"closed","template":"","meta":[],"product_cat":[39],"product_tag":[],"class_list":{"0":"post-574","1":"product","2":"type-product","3":"status-publish","4":"has-post-thumbnail","6":"product_cat-cafe-de-especialidad","8":"first","9":"instock","10":"taxable","11":"shipping-taxable","12":"purchasable","13":"product-type-variable"},"jetpack_sharing_enabled":true,"_links":{"self":[{"href":"https:\/\/rillydelievano.com\/index.php\/wp-json\/wp\/v2\/product\/574"}],"collection":[{"href":"https:\/\/rillydelievano.com\/index.php\/wp-json\/wp\/v2\/product"}],"about":[{"href":"https:\/\/rillydelievano.com\/index.php\/wp-json\/wp\/v2\/types\/product"}],"replies":[{"embeddable":true,"href":"https:\/\/rillydelievano.com\/index.php\/wp-json\/wp\/v2\/comments?post=574"}],"wp:featuredmedia":[{"embeddable":true,"href":"https:\/\/rillydelievano.com\/index.php\/wp-json\/wp\/v2\/media\/560"}],"wp:attachment":[{"href":"https:\/\/rillydelievano.com\/index.php\/wp-json\/wp\/v2\/media?parent=574"}],"wp:term":[{"taxonomy":"product_cat","embeddable":true,"href":"https:\/\/rillydelievano.com\/index.php\/wp-json\/wp\/v2\/product_cat?post=574"},{"taxonomy":"product_tag","embeddable":true,"href":"https:\/\/rillydelievano.com\/index.php\/wp-json\/wp\/v2\/product_tag?post=574"}],"curies":[{"name":"wp","href":"https:\/\/api.w.org\/{rel}","templated":true}]}}